{"id":4758,"date":"2024-05-01T18:45:11","date_gmt":"2024-05-01T18:45:11","guid":{"rendered":"https:\/\/vankpay.com\/eliminacion-de-cuenta\/"},"modified":"2025-09-18T17:50:59","modified_gmt":"2025-09-18T17:50:59","slug":"eliminacion-de-cuenta","status":"publish","type":"page","link":"https:\/\/vankpay.com\/es\/eliminacion-de-cuenta\/","title":{"rendered":"Eliminaci\u00f3n de cuenta"},"content":{"rendered":"\t\t<div data-elementor-type=\"wp-page\" data-elementor-id=\"4758\" class=\"elementor elementor-4758 elementor-3465\" data-elementor-post-type=\"page\">\n\t\t\t\t<div class=\"elementor-element elementor-element-36ab510 e-flex e-con-boxed e-con e-parent\" data-id=\"36ab510\" data-element_type=\"container\" data-settings=\"{&quot;background_background&quot;:&quot;classic&quot;}\">\n\t\t\t\t\t<div class=\"e-con-inner\">\n\t\t\t\t<div class=\"elementor-element elementor-element-8496024 elementor-widget elementor-widget-heading\" data-id=\"8496024\" data-element_type=\"widget\" data-widget_type=\"heading.default\">\n\t\t\t\t<div class=\"elementor-widget-container\">\n\t\t\t\t\t<h2 class=\"elementor-heading-title elementor-size-default\">Instrucciones para eliminar cuenta - <span>Vank<\/span><\/h2>\t\t\t\t<\/div>\n\t\t\t\t<\/div>\n\t\t\t\t\t<\/div>\n\t\t\t\t<\/div>\n\t\t<div class=\"elementor-element elementor-element-299f1b2 e-flex e-con-boxed e-con e-parent\" data-id=\"299f1b2\" data-element_type=\"container\">\n\t\t\t\t\t<div class=\"e-con-inner\">\n\t\t\t\t<div class=\"elementor-element elementor-element-712e72a elementor-position-left elementor-position-top elementor-vertical-align-top elementor-widget elementor-widget-image-box\" data-id=\"712e72a\" data-element_type=\"widget\" data-widget_type=\"image-box.default\">\n\t\t\t\t<div class=\"elementor-widget-container\">\n\t\t\t\t\t<div class=\"elementor-image-box-wrapper\"><figure class=\"elementor-image-box-img\"><img decoding=\"async\" width=\"75\" height=\"75\" src=\"\/wp-content\/uploads\/2025\/09\/No.-1-1.webp\" class=\"attachment-full size-full wp-image-10927\" alt=\"\" \/><\/figure><div class=\"elementor-image-box-content\"><h3 class=\"elementor-image-box-title\">Iniciar sesi\u00f3n en su cuenta:<\/h3><p class=\"elementor-image-box-description\"><li>Abra la aplicacion de Vank e inicie sesi\u00f3n en su cuenta.<\/li><\/p><\/div><\/div>\t\t\t\t<\/div>\n\t\t\t\t<\/div>\n\t\t\t\t<div class=\"elementor-element elementor-element-3e8b4ed elementor-position-left elementor-position-top elementor-vertical-align-top elementor-widget elementor-widget-image-box\" data-id=\"3e8b4ed\" data-element_type=\"widget\" data-widget_type=\"image-box.default\">\n\t\t\t\t<div class=\"elementor-widget-container\">\n\t\t\t\t\t<div class=\"elementor-image-box-wrapper\"><figure class=\"elementor-image-box-img\"><img decoding=\"async\" width=\"75\" height=\"75\" src=\"\/wp-content\/uploads\/2025\/09\/No.-11.webp\" class=\"attachment-full size-full wp-image-7489\" alt=\"\" \/><\/figure><div class=\"elementor-image-box-content\"><h3 class=\"elementor-image-box-title\">Seleccione a Configuraci\u00f3n:<\/h3><p class=\"elementor-image-box-description\"><li>Una vez que haya iniciado sesi\u00f3n, haga clic en la pesta\u00f1a Perfil en el men\u00fa inferior.<\/li><\/p><\/div><\/div>\t\t\t\t<\/div>\n\t\t\t\t<\/div>\n\t\t\t\t<div class=\"elementor-element elementor-element-7253b45 elementor-position-left elementor-position-top elementor-vertical-align-top elementor-widget elementor-widget-image-box\" data-id=\"7253b45\" data-element_type=\"widget\" data-widget_type=\"image-box.default\">\n\t\t\t\t<div class=\"elementor-widget-container\">\n\t\t\t\t\t<div class=\"elementor-image-box-wrapper\"><figure class=\"elementor-image-box-img\"><img decoding=\"async\" width=\"75\" height=\"75\" src=\"\/wp-content\/uploads\/2025\/09\/No.-12.webp\" class=\"attachment-full size-full wp-image-7492\" alt=\"\" \/><\/figure><div class=\"elementor-image-box-content\"><h3 class=\"elementor-image-box-title\">Elija el motivo para eliminar la cuenta:<\/h3><p class=\"elementor-image-box-description\"><li>En la p\u00e1gina Configuraci\u00f3n, busque la secci\u00f3n \"Seguridad de inicio de sesi\u00f3n\".<\/li>\n<li>Busque una opci\u00f3n como \"Eliminar cuenta\" o similar.<\/li>\n<li>Elija el motivo para eliminar su cuenta entre las opciones disponibles.<\/li><\/p><\/div><\/div>\t\t\t\t<\/div>\n\t\t\t\t<\/div>\n\t\t\t\t<div class=\"elementor-element elementor-element-ae638a1 elementor-position-left elementor-position-top elementor-vertical-align-top elementor-widget elementor-widget-image-box\" data-id=\"ae638a1\" data-element_type=\"widget\" data-widget_type=\"image-box.default\">\n\t\t\t\t<div class=\"elementor-widget-container\">\n\t\t\t\t\t<div class=\"elementor-image-box-wrapper\"><figure class=\"elementor-image-box-img\"><img decoding=\"async\" width=\"75\" height=\"75\" src=\"\/wp-content\/uploads\/2025\/09\/4-No.webp\" class=\"attachment-full size-full wp-image-7497\" alt=\"\" \/><\/figure><div class=\"elementor-image-box-content\"><h3 class=\"elementor-image-box-title\">Proporcione informaci\u00f3n adicional (si es necesario):<\/h3><p class=\"elementor-image-box-description\"><li>Si seleccion\u00f3 \"Otro motivo\", puede aparecer un cuadro de texto. Ingrese el motivo espec\u00edfico para eliminar su cuenta. <\/li><\/p><\/div><\/div>\t\t\t\t<\/div>\n\t\t\t\t<\/div>\n\t\t\t\t<div class=\"elementor-element elementor-element-a6dfd8f elementor-position-left elementor-position-top elementor-vertical-align-top elementor-widget elementor-widget-image-box\" data-id=\"a6dfd8f\" data-element_type=\"widget\" data-widget_type=\"image-box.default\">\n\t\t\t\t<div class=\"elementor-widget-container\">\n\t\t\t\t\t<div class=\"elementor-image-box-wrapper\"><figure class=\"elementor-image-box-img\"><img decoding=\"async\" width=\"75\" height=\"75\" src=\"\/wp-content\/uploads\/2025\/09\/4-No1.webp\" class=\"attachment-full size-full wp-image-7502\" alt=\"\" \/><\/figure><div class=\"elementor-image-box-content\"><h3 class=\"elementor-image-box-title\">Confirmar la eliminaci\u00f3n:<\/h3><p class=\"elementor-image-box-description\"><li>Despu\u00e9s de seleccionar el motivo, es posible que se le solicite que confirme la eliminaci\u00f3n.<\/li>\n<li>Lea cualquier informaci\u00f3n adicional proporcionada y confirme que desea eliminar su cuenta.<\/li><\/p><\/div><\/div>\t\t\t\t<\/div>\n\t\t\t\t<\/div>\n\t\t\t\t<div class=\"elementor-element elementor-element-90e94bf elementor-position-left elementor-position-top elementor-vertical-align-top elementor-widget elementor-widget-image-box\" data-id=\"90e94bf\" data-element_type=\"widget\" data-widget_type=\"image-box.default\">\n\t\t\t\t<div class=\"elementor-widget-container\">\n\t\t\t\t\t<div class=\"elementor-image-box-wrapper\"><figure class=\"elementor-image-box-img\"><img decoding=\"async\" width=\"75\" height=\"75\" src=\"\/wp-content\/uploads\/2025\/09\/4-No2.webp\" class=\"attachment-full size-full wp-image-7504\" alt=\"\" \/><\/figure><div class=\"elementor-image-box-content\"><h3 class=\"elementor-image-box-title\">Advertencia: Acci\u00f3n irreversible:<\/h3><p class=\"elementor-image-box-description\"><li>Tenga en cuenta que eliminar su cuenta es irreversible.<\/li>\n<li>Aseg\u00farate de haber guardado todos los datos importantes, ya que esta acci\u00f3n no se puede deshacer.<\/li><\/p><\/div><\/div>\t\t\t\t<\/div>\n\t\t\t\t<\/div>\n\t\t\t\t<div class=\"elementor-element elementor-element-7070356 elementor-position-left elementor-position-top elementor-vertical-align-top elementor-widget elementor-widget-image-box\" data-id=\"7070356\" data-element_type=\"widget\" data-widget_type=\"image-box.default\">\n\t\t\t\t<div class=\"elementor-widget-container\">\n\t\t\t\t\t<div class=\"elementor-image-box-wrapper\"><figure class=\"elementor-image-box-img\"><img decoding=\"async\" width=\"75\" height=\"76\" src=\"\/wp-content\/uploads\/2025\/09\/Group-667.webp\" class=\"attachment-full size-full wp-image-7509\" alt=\"\" \/><\/figure><div class=\"elementor-image-box-content\"><h3 class=\"elementor-image-box-title\">Confirmaci\u00f3n y redireccionamiento:<\/h3><p class=\"elementor-image-box-description\"><li>Tras la confirmaci\u00f3n, recibir\u00e1 una notificaci\u00f3n confirmando la eliminaci\u00f3n de su cuenta.<\/li>\n<li>Ser\u00e1s redirigido autom\u00e1ticamente a la p\u00e1gina de inicio de sesi\u00f3n.<\/li><\/p><\/div><\/div>\t\t\t\t<\/div>\n\t\t\t\t<\/div>\n\t\t\t\t\t<\/div>\n\t\t\t\t<\/div>\n\t\t\t\t<\/div>\n\t\t","protected":false},"excerpt":{"rendered":"<p>Instrucciones para eliminar cuenta &#8211; Vank Iniciar sesi\u00f3n en su cuenta: Abra la aplicacion de Vank e inicie sesi\u00f3n en su cuenta. Seleccione a Configuraci\u00f3n: Una vez que haya iniciado sesi\u00f3n, haga clic en la pesta\u00f1a Perfil en el men\u00fa inferior. Elija el motivo para eliminar la cuenta: En la p\u00e1gina Configuraci\u00f3n, busque la secci\u00f3n [&hellip;]<\/p>\n","protected":false},"author":4,"featured_media":0,"parent":0,"menu_order":0,"comment_status":"closed","ping_status":"closed","template":"","meta":{"site-sidebar-layout":"no-sidebar","site-content-layout":"page-builder","ast-site-content-layout":"default","site-content-style":"default","site-sidebar-style":"default","ast-global-header-display":"","ast-banner-title-visibility":"","ast-main-header-display":"","ast-hfb-above-header-display":"","ast-hfb-below-header-display":"","ast-hfb-mobile-header-display":"","site-post-title":"disabled","ast-breadcrumbs-content":"","ast-featured-img":"disabled","footer-sml-layout":"","theme-transparent-header-meta":"","adv-header-id-meta":"","stick-header-meta":"","header-above-stick-meta":"","header-main-stick-meta":"","header-below-stick-meta":"","astra-migrate-meta-layouts":"default","ast-page-background-enabled":"default","ast-page-background-meta":{"desktop":{"background-color":"var(--ast-global-color-4)","background-image":"","background-repeat":"repeat","background-position":"center center","background-size":"auto","background-attachment":"scroll","background-type":"","background-media":"","overlay-type":"","overlay-color":"","overlay-opacity":"","overlay-gradient":""},"tablet":{"background-color":"","background-image":"","background-repeat":"repeat","background-position":"center center","background-size":"auto","background-attachment":"scroll","background-type":"","background-media":"","overlay-type":"","overlay-color":"","overlay-opacity":"","overlay-gradient":""},"mobile":{"background-color":"","background-image":"","background-repeat":"repeat","background-position":"center center","background-size":"auto","background-attachment":"scroll","background-type":"","background-media":"","overlay-type":"","overlay-color":"","overlay-opacity":"","overlay-gradient":""}},"ast-content-background-meta":{"desktop":{"background-color":"var(--ast-global-color-5)","background-image":"","background-repeat":"repeat","background-position":"center center","background-size":"auto","background-attachment":"scroll","background-type":"","background-media":"","overlay-type":"","overlay-color":"","overlay-opacity":"","overlay-gradient":""},"tablet":{"background-color":"var(--ast-global-color-5)","background-image":"","background-repeat":"repeat","background-position":"center center","background-size":"auto","background-attachment":"scroll","background-type":"","background-media":"","overlay-type":"","overlay-color":"","overlay-opacity":"","overlay-gradient":""},"mobile":{"background-color":"var(--ast-global-color-5)","background-image":"","background-repeat":"repeat","background-position":"center center","background-size":"auto","background-attachment":"scroll","background-type":"","background-media":"","overlay-type":"","overlay-color":"","overlay-opacity":"","overlay-gradient":""}},"footnotes":""},"class_list":["post-4758","page","type-page","status-publish","hentry"],"yoast_head":"<!-- This site is optimized with the Yoast SEO Premium plugin v24.7 (Yoast SEO v26.2) - https:\/\/yoast.com\/wordpress\/plugins\/seo\/ -->\n<title>Instrucciones para eliminar la cuenta<\/title>\n<meta name=\"description\" content=\"Instrucciones completas que detallan el proceso de eliminaci\u00f3n de una cuenta, incluidos los pasos necesarios y cualquier detalle importante que deba tener en cuenta.\" \/>\n<meta name=\"robots\" content=\"index, follow, max-snippet:-1, max-image-preview:large, max-video-preview:-1\" \/>\n<link rel=\"canonical\" href=\"https:\/\/vankpay.com\/es\/eliminacion-de-cuenta\/\" \/>\n<meta property=\"og:locale\" content=\"es_ES\" \/>\n<meta property=\"og:type\" content=\"article\" \/>\n<meta property=\"og:title\" content=\"Eliminaci\u00f3n de cuenta\" \/>\n<meta property=\"og:description\" content=\"Instrucciones completas que detallan el proceso de eliminaci\u00f3n de una cuenta, incluidos los pasos necesarios y cualquier detalle importante que deba tener en cuenta.\" \/>\n<meta property=\"og:url\" content=\"https:\/\/vankpay.com\/es\/eliminacion-de-cuenta\/\" \/>\n<meta property=\"og:site_name\" content=\"Vank\" \/>\n<meta property=\"article:modified_time\" content=\"2025-09-18T17:50:59+00:00\" \/>\n<meta name=\"twitter:card\" content=\"summary_large_image\" \/>\n<meta name=\"twitter:label1\" content=\"Tiempo de lectura\" \/>\n\t<meta name=\"twitter:data1\" content=\"3 minutos\" \/>\n<script type=\"application\/ld+json\" class=\"yoast-schema-graph\">{\"@context\":\"https:\/\/schema.org\",\"@graph\":[{\"@type\":\"WebPage\",\"@id\":\"https:\/\/vankpay.com\/es\/eliminacion-de-cuenta\/\",\"url\":\"https:\/\/vankpay.com\/es\/eliminacion-de-cuenta\/\",\"name\":\"Instrucciones para eliminar la cuenta\",\"isPartOf\":{\"@id\":\"https:\/\/vankpay.com\/es\/#website\"},\"datePublished\":\"2024-05-01T18:45:11+00:00\",\"dateModified\":\"2025-09-18T17:50:59+00:00\",\"description\":\"Instrucciones completas que detallan el proceso de eliminaci\u00f3n de una cuenta, incluidos los pasos necesarios y cualquier detalle importante que deba tener en cuenta.\",\"breadcrumb\":{\"@id\":\"https:\/\/vankpay.com\/es\/eliminacion-de-cuenta\/#breadcrumb\"},\"inLanguage\":\"es\",\"potentialAction\":[{\"@type\":\"ReadAction\",\"target\":[\"https:\/\/vankpay.com\/es\/eliminacion-de-cuenta\/\"]}]},{\"@type\":\"BreadcrumbList\",\"@id\":\"https:\/\/vankpay.com\/es\/eliminacion-de-cuenta\/#breadcrumb\",\"itemListElement\":[{\"@type\":\"ListItem\",\"position\":1,\"name\":\"Home\",\"item\":\"https:\/\/vankpay.com\/es\/\"},{\"@type\":\"ListItem\",\"position\":2,\"name\":\"Eliminaci\u00f3n de cuenta\"}]},{\"@type\":\"WebSite\",\"@id\":\"https:\/\/vankpay.com\/es\/#website\",\"url\":\"https:\/\/vankpay.com\/es\/\",\"name\":\"Vank\",\"description\":\"Modern bank transfers\",\"publisher\":{\"@id\":\"https:\/\/vankpay.com\/es\/#organization\"},\"potentialAction\":[{\"@type\":\"SearchAction\",\"target\":{\"@type\":\"EntryPoint\",\"urlTemplate\":\"https:\/\/vankpay.com\/es\/?s={search_term_string}\"},\"query-input\":{\"@type\":\"PropertyValueSpecification\",\"valueRequired\":true,\"valueName\":\"search_term_string\"}}],\"inLanguage\":\"es\"},{\"@type\":\"Organization\",\"@id\":\"https:\/\/vankpay.com\/es\/#organization\",\"name\":\"Vank\",\"url\":\"https:\/\/vankpay.com\/es\/\",\"logo\":{\"@type\":\"ImageObject\",\"inLanguage\":\"es\",\"@id\":\"https:\/\/vankpay.com\/es\/#\/schema\/logo\/image\/\",\"url\":\"\/wp-content\/uploads\/2021\/12\/vank-logo2.svg\",\"contentUrl\":\"\/wp-content\/uploads\/2021\/12\/vank-logo2.svg\",\"caption\":\"Vank\"},\"image\":{\"@id\":\"https:\/\/vankpay.com\/es\/#\/schema\/logo\/image\/\"}}]}<\/script>\n<!-- \/ Yoast SEO Premium plugin. -->","yoast_head_json":{"title":"Instrucciones para eliminar la cuenta","description":"Instrucciones completas que detallan el proceso de eliminaci\u00f3n de una cuenta, incluidos los pasos necesarios y cualquier detalle importante que deba tener en cuenta.","robots":{"index":"index","follow":"follow","max-snippet":"max-snippet:-1","max-image-preview":"max-image-preview:large","max-video-preview":"max-video-preview:-1"},"canonical":"https:\/\/vankpay.com\/es\/eliminacion-de-cuenta\/","og_locale":"es_ES","og_type":"article","og_title":"Eliminaci\u00f3n de cuenta","og_description":"Instrucciones completas que detallan el proceso de eliminaci\u00f3n de una cuenta, incluidos los pasos necesarios y cualquier detalle importante que deba tener en cuenta.","og_url":"https:\/\/vankpay.com\/es\/eliminacion-de-cuenta\/","og_site_name":"Vank","article_modified_time":"2025-09-18T17:50:59+00:00","twitter_card":"summary_large_image","twitter_misc":{"Tiempo de lectura":"3 minutos"},"schema":{"@context":"https:\/\/schema.org","@graph":[{"@type":"WebPage","@id":"https:\/\/vankpay.com\/es\/eliminacion-de-cuenta\/","url":"https:\/\/vankpay.com\/es\/eliminacion-de-cuenta\/","name":"Instrucciones para eliminar la cuenta","isPartOf":{"@id":"https:\/\/vankpay.com\/es\/#website"},"datePublished":"2024-05-01T18:45:11+00:00","dateModified":"2025-09-18T17:50:59+00:00","description":"Instrucciones completas que detallan el proceso de eliminaci\u00f3n de una cuenta, incluidos los pasos necesarios y cualquier detalle importante que deba tener en cuenta.","breadcrumb":{"@id":"https:\/\/vankpay.com\/es\/eliminacion-de-cuenta\/#breadcrumb"},"inLanguage":"es","potentialAction":[{"@type":"ReadAction","target":["https:\/\/vankpay.com\/es\/eliminacion-de-cuenta\/"]}]},{"@type":"BreadcrumbList","@id":"https:\/\/vankpay.com\/es\/eliminacion-de-cuenta\/#breadcrumb","itemListElement":[{"@type":"ListItem","position":1,"name":"Home","item":"https:\/\/vankpay.com\/es\/"},{"@type":"ListItem","position":2,"name":"Eliminaci\u00f3n de cuenta"}]},{"@type":"WebSite","@id":"https:\/\/vankpay.com\/es\/#website","url":"https:\/\/vankpay.com\/es\/","name":"Vank","description":"Modern bank transfers","publisher":{"@id":"https:\/\/vankpay.com\/es\/#organization"},"potentialAction":[{"@type":"SearchAction","target":{"@type":"EntryPoint","urlTemplate":"https:\/\/vankpay.com\/es\/?s={search_term_string}"},"query-input":{"@type":"PropertyValueSpecification","valueRequired":true,"valueName":"search_term_string"}}],"inLanguage":"es"},{"@type":"Organization","@id":"https:\/\/vankpay.com\/es\/#organization","name":"Vank","url":"https:\/\/vankpay.com\/es\/","logo":{"@type":"ImageObject","inLanguage":"es","@id":"https:\/\/vankpay.com\/es\/#\/schema\/logo\/image\/","url":"\/wp-content\/uploads\/2021\/12\/vank-logo2.svg","contentUrl":"\/wp-content\/uploads\/2021\/12\/vank-logo2.svg","caption":"Vank"},"image":{"@id":"https:\/\/vankpay.com\/es\/#\/schema\/logo\/image\/"}}]}},"_links":{"self":[{"href":"https:\/\/vankpay.com\/es\/wp-json\/wp\/v2\/pages\/4758","targetHints":{"allow":["GET"]}}],"collection":[{"href":"https:\/\/vankpay.com\/es\/wp-json\/wp\/v2\/pages"}],"about":[{"href":"https:\/\/vankpay.com\/es\/wp-json\/wp\/v2\/types\/page"}],"author":[{"embeddable":true,"href":"https:\/\/vankpay.com\/es\/wp-json\/wp\/v2\/users\/4"}],"replies":[{"embeddable":true,"href":"https:\/\/vankpay.com\/es\/wp-json\/wp\/v2\/comments?post=4758"}],"version-history":[{"count":24,"href":"https:\/\/vankpay.com\/es\/wp-json\/wp\/v2\/pages\/4758\/revisions"}],"predecessor-version":[{"id":10934,"href":"https:\/\/vankpay.com\/es\/wp-json\/wp\/v2\/pages\/4758\/revisions\/10934"}],"wp:attachment":[{"href":"https:\/\/vankpay.com\/es\/wp-json\/wp\/v2\/media?parent=4758"}],"curies":[{"name":"wp","href":"https:\/\/api.w.org\/{rel}","templated":true}]}}