{"id":4767,"date":"2024-04-25T19:31:29","date_gmt":"2024-04-25T19:31:29","guid":{"rendered":"https:\/\/vankpay.com\/inscribirse\/"},"modified":"2025-09-18T18:42:12","modified_gmt":"2025-09-18T18:42:12","slug":"inscribirse","status":"publish","type":"page","link":"https:\/\/vankpay.com\/es\/inscribirse\/","title":{"rendered":"Inscribirse"},"content":{"rendered":"\t\t<div data-elementor-type=\"wp-page\" data-elementor-id=\"4767\" class=\"elementor elementor-4767 elementor-2596\" data-elementor-post-type=\"page\">\n\t\t\t\t<div class=\"elementor-element elementor-element-3be07ab e-flex e-con-boxed e-con e-parent\" data-id=\"3be07ab\" data-element_type=\"container\">\n\t\t\t\t\t<div class=\"e-con-inner\">\n\t\t<div class=\"elementor-element elementor-element-4205b76 e-flex e-con-boxed e-con e-child\" data-id=\"4205b76\" data-element_type=\"container\" data-settings=\"{&quot;background_background&quot;:&quot;classic&quot;}\">\n\t\t\t\t\t<div class=\"e-con-inner\">\n\t\t<div class=\"elementor-element elementor-element-4441627 e-flex e-con-boxed e-con e-child\" data-id=\"4441627\" data-element_type=\"container\">\n\t\t\t\t\t<div class=\"e-con-inner\">\n\t\t<div class=\"elementor-element elementor-element-9601db2 e-flex e-con-boxed e-con e-child\" data-id=\"9601db2\" data-element_type=\"container\">\n\t\t\t\t\t<div class=\"e-con-inner\">\n\t\t\t\t<div class=\"elementor-element elementor-element-8893bc2 elementor-widget elementor-widget-heading\" data-id=\"8893bc2\" data-element_type=\"widget\" data-widget_type=\"heading.default\">\n\t\t\t\t<div class=\"elementor-widget-container\">\n\t\t\t\t\t<h2 class=\"elementor-heading-title elementor-size-default\">Obt\u00e9n la aplicaci\u00f3n de <span>Vank<\/span><\/h2>\t\t\t\t<\/div>\n\t\t\t\t<\/div>\n\t\t\t\t<div class=\"elementor-element elementor-element-8637d1d elementor-widget__width-initial elementor-widget elementor-widget-text-editor\" data-id=\"8637d1d\" data-element_type=\"widget\" data-widget_type=\"text-editor.default\">\n\t\t\t\t<div class=\"elementor-widget-container\">\n\t\t\t\t\t\t\t\t\t<p>Descarga la aplicaci\u00f3n en tu celular gratis<\/p>\t\t\t\t\t\t\t\t<\/div>\n\t\t\t\t<\/div>\n\t\t<div class=\"elementor-element elementor-element-1dcf16c e-grid e-con-boxed e-con e-child\" data-id=\"1dcf16c\" data-element_type=\"container\">\n\t\t\t\t\t<div class=\"e-con-inner\">\n\t\t\t\t<div class=\"elementor-element elementor-element-3b57d4c elementor-widget elementor-widget-image\" data-id=\"3b57d4c\" data-element_type=\"widget\" data-widget_type=\"image.default\">\n\t\t\t\t<div class=\"elementor-widget-container\">\n\t\t\t\t\t\t\t\t\t\t\t\t\t\t\t\t<a href=\"https:\/\/apps.apple.com\/us\/app\/vank\/id6460080129\">\n\t\t\t\t\t\t\t<img decoding=\"async\" width=\"276\" height=\"96\" src=\"\/wp-content\/uploads\/2024\/04\/Group.png\" class=\"attachment-full size-full wp-image-2687\" alt=\"\" \/>\t\t\t\t\t\t\t\t<\/a>\n\t\t\t\t\t\t\t\t\t\t\t\t\t\t\t<\/div>\n\t\t\t\t<\/div>\n\t\t\t\t<div class=\"elementor-element elementor-element-176e99f elementor-widget elementor-widget-image\" data-id=\"176e99f\" data-element_type=\"widget\" data-widget_type=\"image.default\">\n\t\t\t\t<div class=\"elementor-widget-container\">\n\t\t\t\t\t\t\t\t\t\t\t\t\t\t\t\t<a href=\"https:\/\/play.google.com\/store\/apps\/details?id=com.vankpay.vank\">\n\t\t\t\t\t\t\t<img decoding=\"async\" width=\"274\" height=\"96\" src=\"\/wp-content\/uploads\/2024\/04\/google-play-badge-2.png\" class=\"attachment-full size-full wp-image-2688\" alt=\"\" \/>\t\t\t\t\t\t\t\t<\/a>\n\t\t\t\t\t\t\t\t\t\t\t\t\t\t\t<\/div>\n\t\t\t\t<\/div>\n\t\t\t\t\t<\/div>\n\t\t\t\t<\/div>\n\t\t\t\t<div class=\"elementor-element elementor-element-74aa7b3 elementor-widget elementor-widget-text-editor\" data-id=\"74aa7b3\" data-element_type=\"widget\" data-widget_type=\"text-editor.default\">\n\t\t\t\t<div class=\"elementor-widget-container\">\n\t\t\t\t\t\t\t\t\tApunta tu c\u00e1mara al c\u00f3digo QR para descargar la <span style=\"color: #4263eb;\">App de Vank<\/span>\n\t\t\t\t\t\t\t\t<\/div>\n\t\t\t\t<\/div>\n\t\t\t\t<div class=\"elementor-element elementor-element-598aafd elementor-widget elementor-widget-image\" data-id=\"598aafd\" data-element_type=\"widget\" data-widget_type=\"image.default\">\n\t\t\t\t<div class=\"elementor-widget-container\">\n\t\t\t\t\t\t\t\t\t\t\t\t\t\t\t<img decoding=\"async\" width=\"150\" height=\"152\" src=\"\/wp-content\/uploads\/2024\/05\/Imagen-45.png\" class=\"attachment-full size-full wp-image-3671\" alt=\"\" \/>\t\t\t\t\t\t\t\t\t\t\t\t\t\t\t<\/div>\n\t\t\t\t<\/div>\n\t\t\t\t<div class=\"elementor-element elementor-element-16d8b11 elementor-hidden-widescreen elementor-hidden-desktop elementor-hidden-laptop elementor-hidden-tablet elementor-hidden-mobile elementor-widget elementor-widget-text-editor\" data-id=\"16d8b11\" data-element_type=\"widget\" data-widget_type=\"text-editor.default\">\n\t\t\t\t<div class=\"elementor-widget-container\">\n\t\t\t\t\t\t\t\t\t<p>\u00bfEn un dispositivo m\u00f3vil? <span style=\"color: #4263eb;\">Obtener la aplicaci\u00f3n<\/span><\/p>\n\t\t\t\t\t\t\t\t<\/div>\n\t\t\t\t<\/div>\n\t\t\t\t\t<\/div>\n\t\t\t\t<\/div>\n\t\t\t\t\t<\/div>\n\t\t\t\t<\/div>\n\t\t\t\t\t<\/div>\n\t\t\t\t<\/div>\n\t\t\t\t\t<\/div>\n\t\t\t\t<\/div>\n\t\t\t\t<\/div>\n\t\t","protected":false},"excerpt":{"rendered":"<p>Obt\u00e9n la aplicaci\u00f3n de Vank Descarga la aplicaci\u00f3n en tu celular gratis Apunta tu c\u00e1mara al c\u00f3digo QR para descargar la App de Vank \u00bfEn un dispositivo m\u00f3vil? Obtener la aplicaci\u00f3n<\/p>\n","protected":false},"author":4,"featured_media":0,"parent":0,"menu_order":0,"comment_status":"closed","ping_status":"closed","template":"","meta":{"site-sidebar-layout":"no-sidebar","site-content-layout":"page-builder","ast-site-content-layout":"default","site-content-style":"default","site-sidebar-style":"default","ast-global-header-display":"","ast-banner-title-visibility":"","ast-main-header-display":"","ast-hfb-above-header-display":"","ast-hfb-below-header-display":"","ast-hfb-mobile-header-display":"","site-post-title":"disabled","ast-breadcrumbs-content":"","ast-featured-img":"disabled","footer-sml-layout":"","theme-transparent-header-meta":"","adv-header-id-meta":"","stick-header-meta":"","header-above-stick-meta":"","header-main-stick-meta":"","header-below-stick-meta":"","astra-migrate-meta-layouts":"default","ast-page-background-enabled":"default","ast-page-background-meta":{"desktop":{"background-color":"var(--ast-global-color-4)","background-image":"","background-repeat":"repeat","background-position":"center center","background-size":"auto","background-attachment":"scroll","background-type":"","background-media":"","overlay-type":"","overlay-color":"","overlay-opacity":"","overlay-gradient":""},"tablet":{"background-color":"","background-image":"","background-repeat":"repeat","background-position":"center center","background-size":"auto","background-attachment":"scroll","background-type":"","background-media":"","overlay-type":"","overlay-color":"","overlay-opacity":"","overlay-gradient":""},"mobile":{"background-color":"","background-image":"","background-repeat":"repeat","background-position":"center center","background-size":"auto","background-attachment":"scroll","background-type":"","background-media":"","overlay-type":"","overlay-color":"","overlay-opacity":"","overlay-gradient":""}},"ast-content-background-meta":{"desktop":{"background-color":"var(--ast-global-color-5)","background-image":"","background-repeat":"repeat","background-position":"center center","background-size":"auto","background-attachment":"scroll","background-type":"","background-media":"","overlay-type":"","overlay-color":"","overlay-opacity":"","overlay-gradient":""},"tablet":{"background-color":"var(--ast-global-color-5)","background-image":"","background-repeat":"repeat","background-position":"center center","background-size":"auto","background-attachment":"scroll","background-type":"","background-media":"","overlay-type":"","overlay-color":"","overlay-opacity":"","overlay-gradient":""},"mobile":{"background-color":"var(--ast-global-color-5)","background-image":"","background-repeat":"repeat","background-position":"center center","background-size":"auto","background-attachment":"scroll","background-type":"","background-media":"","overlay-type":"","overlay-color":"","overlay-opacity":"","overlay-gradient":""}},"footnotes":""},"class_list":["post-4767","page","type-page","status-publish","hentry"],"yoast_head":"<!-- This site is optimized with the Yoast SEO Premium plugin v24.7 (Yoast SEO v26.2) - https:\/\/yoast.com\/wordpress\/plugins\/seo\/ -->\n<title>Inscribirse - Vank<\/title>\n<meta name=\"robots\" content=\"index, follow, max-snippet:-1, max-image-preview:large, max-video-preview:-1\" \/>\n<link rel=\"canonical\" href=\"https:\/\/vankpay.com\/es\/inscribirse\/\" \/>\n<meta property=\"og:locale\" content=\"es_ES\" \/>\n<meta property=\"og:type\" content=\"article\" \/>\n<meta property=\"og:title\" content=\"Inscribirse\" \/>\n<meta property=\"og:description\" content=\"Obt\u00e9n la aplicaci\u00f3n de Vank Descarga la aplicaci\u00f3n en tu celular gratis Apunta tu c\u00e1mara al c\u00f3digo QR para descargar la App de Vank \u00bfEn un dispositivo m\u00f3vil? Obtener la aplicaci\u00f3n\" \/>\n<meta property=\"og:url\" content=\"https:\/\/vankpay.com\/es\/inscribirse\/\" \/>\n<meta property=\"og:site_name\" content=\"Vank\" \/>\n<meta property=\"article:modified_time\" content=\"2025-09-18T18:42:12+00:00\" \/>\n<meta name=\"twitter:card\" content=\"summary_large_image\" \/>\n<meta name=\"twitter:label1\" content=\"Tiempo de lectura\" \/>\n\t<meta name=\"twitter:data1\" content=\"1 minuto\" \/>\n<script type=\"application\/ld+json\" class=\"yoast-schema-graph\">{\"@context\":\"https:\/\/schema.org\",\"@graph\":[{\"@type\":\"WebPage\",\"@id\":\"https:\/\/vankpay.com\/es\/inscribirse\/\",\"url\":\"https:\/\/vankpay.com\/es\/inscribirse\/\",\"name\":\"Inscribirse - Vank\",\"isPartOf\":{\"@id\":\"https:\/\/vankpay.com\/#website\"},\"datePublished\":\"2024-04-25T19:31:29+00:00\",\"dateModified\":\"2025-09-18T18:42:12+00:00\",\"breadcrumb\":{\"@id\":\"https:\/\/vankpay.com\/es\/inscribirse\/#breadcrumb\"},\"inLanguage\":\"es\",\"potentialAction\":[{\"@type\":\"ReadAction\",\"target\":[\"https:\/\/vankpay.com\/es\/inscribirse\/\"]}]},{\"@type\":\"BreadcrumbList\",\"@id\":\"https:\/\/vankpay.com\/es\/inscribirse\/#breadcrumb\",\"itemListElement\":[{\"@type\":\"ListItem\",\"position\":1,\"name\":\"Home\",\"item\":\"https:\/\/vankpay.com\/es\/\"},{\"@type\":\"ListItem\",\"position\":2,\"name\":\"Inscribirse\"}]},{\"@type\":\"WebSite\",\"@id\":\"https:\/\/vankpay.com\/#website\",\"url\":\"https:\/\/vankpay.com\/\",\"name\":\"Vank\",\"description\":\"Modern bank transfers\",\"publisher\":{\"@id\":\"https:\/\/vankpay.com\/#organization\"},\"potentialAction\":[{\"@type\":\"SearchAction\",\"target\":{\"@type\":\"EntryPoint\",\"urlTemplate\":\"https:\/\/vankpay.com\/?s={search_term_string}\"},\"query-input\":{\"@type\":\"PropertyValueSpecification\",\"valueRequired\":true,\"valueName\":\"search_term_string\"}}],\"inLanguage\":\"es\"},{\"@type\":\"Organization\",\"@id\":\"https:\/\/vankpay.com\/#organization\",\"name\":\"Vank\",\"url\":\"https:\/\/vankpay.com\/\",\"logo\":{\"@type\":\"ImageObject\",\"inLanguage\":\"es\",\"@id\":\"https:\/\/vankpay.com\/#\/schema\/logo\/image\/\",\"url\":\"\/wp-content\/uploads\/2021\/12\/vank-logo2.svg\",\"contentUrl\":\"\/wp-content\/uploads\/2021\/12\/vank-logo2.svg\",\"caption\":\"Vank\"},\"image\":{\"@id\":\"https:\/\/vankpay.com\/#\/schema\/logo\/image\/\"}}]}<\/script>\n<!-- \/ Yoast SEO Premium plugin. -->","yoast_head_json":{"title":"Inscribirse - Vank","robots":{"index":"index","follow":"follow","max-snippet":"max-snippet:-1","max-image-preview":"max-image-preview:large","max-video-preview":"max-video-preview:-1"},"canonical":"https:\/\/vankpay.com\/es\/inscribirse\/","og_locale":"es_ES","og_type":"article","og_title":"Inscribirse","og_description":"Obt\u00e9n la aplicaci\u00f3n de Vank Descarga la aplicaci\u00f3n en tu celular gratis Apunta tu c\u00e1mara al c\u00f3digo QR para descargar la App de Vank \u00bfEn un dispositivo m\u00f3vil? Obtener la aplicaci\u00f3n","og_url":"https:\/\/vankpay.com\/es\/inscribirse\/","og_site_name":"Vank","article_modified_time":"2025-09-18T18:42:12+00:00","twitter_card":"summary_large_image","twitter_misc":{"Tiempo de lectura":"1 minuto"},"schema":{"@context":"https:\/\/schema.org","@graph":[{"@type":"WebPage","@id":"https:\/\/vankpay.com\/es\/inscribirse\/","url":"https:\/\/vankpay.com\/es\/inscribirse\/","name":"Inscribirse - Vank","isPartOf":{"@id":"https:\/\/vankpay.com\/#website"},"datePublished":"2024-04-25T19:31:29+00:00","dateModified":"2025-09-18T18:42:12+00:00","breadcrumb":{"@id":"https:\/\/vankpay.com\/es\/inscribirse\/#breadcrumb"},"inLanguage":"es","potentialAction":[{"@type":"ReadAction","target":["https:\/\/vankpay.com\/es\/inscribirse\/"]}]},{"@type":"BreadcrumbList","@id":"https:\/\/vankpay.com\/es\/inscribirse\/#breadcrumb","itemListElement":[{"@type":"ListItem","position":1,"name":"Home","item":"https:\/\/vankpay.com\/es\/"},{"@type":"ListItem","position":2,"name":"Inscribirse"}]},{"@type":"WebSite","@id":"https:\/\/vankpay.com\/#website","url":"https:\/\/vankpay.com\/","name":"Vank","description":"Modern bank transfers","publisher":{"@id":"https:\/\/vankpay.com\/#organization"},"potentialAction":[{"@type":"SearchAction","target":{"@type":"EntryPoint","urlTemplate":"https:\/\/vankpay.com\/?s={search_term_string}"},"query-input":{"@type":"PropertyValueSpecification","valueRequired":true,"valueName":"search_term_string"}}],"inLanguage":"es"},{"@type":"Organization","@id":"https:\/\/vankpay.com\/#organization","name":"Vank","url":"https:\/\/vankpay.com\/","logo":{"@type":"ImageObject","inLanguage":"es","@id":"https:\/\/vankpay.com\/#\/schema\/logo\/image\/","url":"\/wp-content\/uploads\/2021\/12\/vank-logo2.svg","contentUrl":"\/wp-content\/uploads\/2021\/12\/vank-logo2.svg","caption":"Vank"},"image":{"@id":"https:\/\/vankpay.com\/#\/schema\/logo\/image\/"}}]}},"_links":{"self":[{"href":"https:\/\/vankpay.com\/es\/wp-json\/wp\/v2\/pages\/4767","targetHints":{"allow":["GET"]}}],"collection":[{"href":"https:\/\/vankpay.com\/es\/wp-json\/wp\/v2\/pages"}],"about":[{"href":"https:\/\/vankpay.com\/es\/wp-json\/wp\/v2\/types\/page"}],"author":[{"embeddable":true,"href":"https:\/\/vankpay.com\/es\/wp-json\/wp\/v2\/users\/4"}],"replies":[{"embeddable":true,"href":"https:\/\/vankpay.com\/es\/wp-json\/wp\/v2\/comments?post=4767"}],"version-history":[{"count":9,"href":"https:\/\/vankpay.com\/es\/wp-json\/wp\/v2\/pages\/4767\/revisions"}],"predecessor-version":[{"id":11007,"href":"https:\/\/vankpay.com\/es\/wp-json\/wp\/v2\/pages\/4767\/revisions\/11007"}],"wp:attachment":[{"href":"https:\/\/vankpay.com\/es\/wp-json\/wp\/v2\/media?parent=4767"}],"curies":[{"name":"wp","href":"https:\/\/api.w.org\/{rel}","templated":true}]}}